{"id":9700,"date":"2026-03-14T21:25:36","date_gmt":"2026-03-14T13:25:36","guid":{"rendered":"https:\/\/superpdr.com\/?page_id=9700"},"modified":"2026-03-14T21:28:40","modified_gmt":"2026-03-14T13:28:40","slug":"knowledge-center","status":"publish","type":"page","link":"https:\/\/superpdr.com\/es\/knowledge-center\/","title":{"rendered":"Centro de conocimiento"},"content":{"rendered":"<section class=\"kb-hub kb-knowledge-center\">\n<h1>Centro de conocimiento<\/h1>\n<p>This page brings together published technical knowledge content, FAQ hubs, references, and update records for Super PDR.<\/p>\n<h2>Art\u00edculos de conocimiento<\/h2>\n<ul>\n<li><a href=\"https:\/\/superpdr.com\/info\/a-w1-resin-chemistry-103395520.html\">Qu\u00edmica de la resina de reparaci\u00f3n de parabrisas: Viscosidad, curado UV, amarilleamiento y claridad \u00f3ptica<\/a><\/li>\n<li><a href=\"https:\/\/superpdr.com\/info\/structural-integrity-after-windshield-repair-103395563.html\">\u00bfRestaura la resistencia la reparaci\u00f3n de parabrisas? Integridad estructural, l\u00edmites y verificaci\u00f3n<\/a><\/li>\n<li><a href=\"https:\/\/superpdr.com\/info\/pdr-rod-steel-101-material-heat-treatment-h-103395574.html\">Acero en barra PDR 101: Material, tratamiento t\u00e9rmico, dureza (HRC) y durabilidad<\/a><\/li>\n<li><a href=\"https:\/\/superpdr.com\/info\/pdr-mechanics-explained-leverage-tip-control-103395581.html\">PDR Mechanics Explained: Leverage, Tip Control &amp; Practical Force Use<\/a><\/li>\n<li><a href=\"https:\/\/superpdr.com\/info\/pdr-tool-qc-standards-checklist-103395583.html\">Lista de comprobaci\u00f3n de las normas de control de calidad de la herramienta PDR<\/a><\/li>\n<\/ul>\n<h2>FAQ Hubs<\/h2>\n<ul>\n<li><a href=\"https:\/\/superpdr.com\/info\/windshield-repair-faqs-inspection-fleet-mobile-103396723.html\">Programa de reparaci\u00f3n de parabrisas \/ Inspecci\u00f3n \/ Flota \/ Centro m\u00f3vil de preguntas frecuentes<\/a><\/li>\n<li><a href=\"https:\/\/superpdr.com\/info\/windshield-repair-faqs-diy-luxury-enthusiasts-103396976.html\">Preguntas frecuentes sobre reparaci\u00f3n de parabrisas para aficionados al bricolaje y al lujo<\/a><\/li>\n<li><a href=\"https:\/\/superpdr.com\/info\/windshield-repair-faqs-highway-truck-rv-offroa-103396977.html\">Preguntas frecuentes sobre reparaci\u00f3n de parabrisas en carretera, cami\u00f3n, veh\u00edculo recreativo y todoterreno<\/a><\/li>\n<\/ul>\n<h2>Trust &amp; Evidence<\/h2>\n<ul>\n<li><a href=\"https:\/\/superpdr.com\/references\/\">Referencias<\/a><\/li>\n<li><a href=\"https:\/\/superpdr.com\/update-log\/\">Registro de actualizaci\u00f3n<\/a><\/li>\n<\/ul>\n<\/section>","protected":false},"excerpt":{"rendered":"<p>Knowledge Center This page brings together published technical knowledge content, FAQ hubs, references, and update records for Super PDR. Knowledge Articles Windshield Repair Resin Chemistry: Viscosity, UV Curing, Yellowing &amp; Optical Clarity Does Windshield Repair Restore Strength? Structural Integrity, Limits, and Verification PDR Rod Steel 101: Material, Heat Treatment, Hardness (HRC) &amp; Durability PDR Mechanics [&hellip;]<\/p>\n","protected":false},"author":1,"featured_media":0,"parent":0,"menu_order":3,"comment_status":"closed","ping_status":"closed","template":"","meta":{"footnotes":""},"class_list":["post-9700","page","type-page","status-publish","hentry"],"acf":[],"_links":{"self":[{"href":"https:\/\/superpdr.com\/es\/wp-json\/wp\/v2\/pages\/9700","targetHints":{"allow":["GET"]}}],"collection":[{"href":"https:\/\/superpdr.com\/es\/wp-json\/wp\/v2\/pages"}],"about":[{"href":"https:\/\/superpdr.com\/es\/wp-json\/wp\/v2\/types\/page"}],"author":[{"embeddable":true,"href":"https:\/\/superpdr.com\/es\/wp-json\/wp\/v2\/users\/1"}],"replies":[{"embeddable":true,"href":"https:\/\/superpdr.com\/es\/wp-json\/wp\/v2\/comments?post=9700"}],"version-history":[{"count":1,"href":"https:\/\/superpdr.com\/es\/wp-json\/wp\/v2\/pages\/9700\/revisions"}],"predecessor-version":[{"id":9701,"href":"https:\/\/superpdr.com\/es\/wp-json\/wp\/v2\/pages\/9700\/revisions\/9701"}],"wp:attachment":[{"href":"https:\/\/superpdr.com\/es\/wp-json\/wp\/v2\/media?parent=9700"}],"curies":[{"name":"wp","href":"https:\/\/api.w.org\/{rel}","templated":true}]}}