{"id":9700,"date":"2026-03-14T21:25:36","date_gmt":"2026-03-14T13:25:36","guid":{"rendered":"https:\/\/superpdr.com\/?page_id=9700"},"modified":"2026-03-14T21:28:40","modified_gmt":"2026-03-14T13:28:40","slug":"knowledge-center","status":"publish","type":"page","link":"https:\/\/superpdr.com\/fr\/knowledge-center\/","title":{"rendered":"Centre de connaissances"},"content":{"rendered":"<section class=\"kb-hub kb-knowledge-center\">\n<h1>Centre de connaissances<\/h1>\n<p>Cette page rassemble les connaissances techniques publi\u00e9es, les FAQ, les r\u00e9f\u00e9rences et les mises \u00e0 jour concernant le Super PDR.<\/p>\n<h2>Articles de connaissance<\/h2>\n<ul>\n<li><a href=\"https:\/\/superpdr.com\/info\/a-w1-resin-chemistry-103395520.html\">Chimie des r\u00e9sines de r\u00e9paration de pare-brise : Viscosit\u00e9, durcissement aux UV, jaunissement et clart\u00e9 optique<\/a><\/li>\n<li><a href=\"https:\/\/superpdr.com\/info\/structural-integrity-after-windshield-repair-103395563.html\">La r\u00e9paration du pare-brise r\u00e9tablit-elle la solidit\u00e9 ? Int\u00e9grit\u00e9 structurelle, limites et v\u00e9rification<\/a><\/li>\n<li><a href=\"https:\/\/superpdr.com\/info\/pdr-rod-steel-101-material-heat-treatment-h-103395574.html\">PDR Rod Steel 101 : Mat\u00e9riau, traitement thermique, duret\u00e9 (HRC) et durabilit\u00e9<\/a><\/li>\n<li><a href=\"https:\/\/superpdr.com\/info\/pdr-mechanics-explained-leverage-tip-control-103395581.html\">Les m\u00e9canismes du PDR expliqu\u00e9s : Effet de levier, contr\u00f4le de la pointe et utilisation pratique de la force<\/a><\/li>\n<li><a href=\"https:\/\/superpdr.com\/info\/pdr-tool-qc-standards-checklist-103395583.html\">Liste de contr\u00f4le des normes de contr\u00f4le qualit\u00e9 de l'outil PDR<\/a><\/li>\n<\/ul>\n<h2>FAQ Hubs<\/h2>\n<ul>\n<li><a href=\"https:\/\/superpdr.com\/info\/windshield-repair-faqs-inspection-fleet-mobile-103396723.html\">Programme de r\u00e9paration de pare-brise pour les flottes \/ Inspection \/ Flotte \/ Hub FAQ mobile<\/a><\/li>\n<li><a href=\"https:\/\/superpdr.com\/info\/windshield-repair-faqs-diy-luxury-enthusiasts-103396976.html\">FAQ sur les r\u00e9parations de pare-brise par les bricoleurs et les amateurs de luxe<\/a><\/li>\n<li><a href=\"https:\/\/superpdr.com\/info\/windshield-repair-faqs-highway-truck-rv-offroa-103396977.html\">FAQ sur la r\u00e9paration des pare-brise pour les autoroutes, les camions, les v\u00e9hicules de loisirs et les v\u00e9hicules tout-terrain<\/a><\/li>\n<\/ul>\n<h2>Confiance et preuves<\/h2>\n<ul>\n<li><a href=\"https:\/\/superpdr.com\/references\/\">R\u00e9f\u00e9rences<\/a><\/li>\n<li><a href=\"https:\/\/superpdr.com\/update-log\/\">Journal des mises \u00e0 jour<\/a><\/li>\n<\/ul>\n<\/section>","protected":false},"excerpt":{"rendered":"<p>Knowledge Center This page brings together published technical knowledge content, FAQ hubs, references, and update records for Super PDR. Knowledge Articles Windshield Repair Resin Chemistry: Viscosity, UV Curing, Yellowing &amp; Optical Clarity Does Windshield Repair Restore Strength? Structural Integrity, Limits, and Verification PDR Rod Steel 101: Material, Heat Treatment, Hardness (HRC) &amp; Durability PDR Mechanics [&hellip;]<\/p>\n","protected":false},"author":1,"featured_media":0,"parent":0,"menu_order":3,"comment_status":"closed","ping_status":"closed","template":"","meta":{"footnotes":""},"class_list":["post-9700","page","type-page","status-publish","hentry"],"acf":[],"_links":{"self":[{"href":"https:\/\/superpdr.com\/fr\/wp-json\/wp\/v2\/pages\/9700","targetHints":{"allow":["GET"]}}],"collection":[{"href":"https:\/\/superpdr.com\/fr\/wp-json\/wp\/v2\/pages"}],"about":[{"href":"https:\/\/superpdr.com\/fr\/wp-json\/wp\/v2\/types\/page"}],"author":[{"embeddable":true,"href":"https:\/\/superpdr.com\/fr\/wp-json\/wp\/v2\/users\/1"}],"replies":[{"embeddable":true,"href":"https:\/\/superpdr.com\/fr\/wp-json\/wp\/v2\/comments?post=9700"}],"version-history":[{"count":1,"href":"https:\/\/superpdr.com\/fr\/wp-json\/wp\/v2\/pages\/9700\/revisions"}],"predecessor-version":[{"id":9701,"href":"https:\/\/superpdr.com\/fr\/wp-json\/wp\/v2\/pages\/9700\/revisions\/9701"}],"wp:attachment":[{"href":"https:\/\/superpdr.com\/fr\/wp-json\/wp\/v2\/media?parent=9700"}],"curies":[{"name":"wp","href":"https:\/\/api.w.org\/{rel}","templated":true}]}}