{"id":10,"date":"2026-02-25T10:10:28","date_gmt":"2026-02-25T02:10:28","guid":{"rendered":"https:\/\/superpdr.com\/?page_id=10"},"modified":"2026-04-22T15:25:40","modified_gmt":"2026-04-22T07:25:40","slug":"contact-us","status":"publish","type":"page","link":"https:\/\/superpdr.com\/pt\/contact-us\/","title":{"rendered":"Contactar-nos"},"content":{"rendered":"<div class=\"contact-list\">\n<div class=\"contact-item\">\n<div class=\"icon\"><img decoding=\"async\" title=\"p\u00e1gina-1-1\" src=\"\/wp-content\/themes\/web\/assets\/static\/picture\/contact-icon-1.webp\" alt=\"page-1-1\" \/><\/div>\n<p class=\"title\">Endere\u00e7o<\/p>\n<p class=\"text\">RoomA06, 5A\/F, Building 1, Meicheng Industrial Park, No.4 Xinhe Street, Bantian Street, Longgang District, Shenzhen City, Guangdong Province, China 518116<\/p>\n<\/div>\n<div class=\"contact-item\">\n<div class=\"icon\"><img decoding=\"async\" title=\"p\u00e1gina-1-1\" src=\"\/wp-content\/themes\/web\/assets\/static\/picture\/contact-icon-2.webp\" alt=\"page-1-1\" \/><\/div>\n<p class=\"title\">Contactar-nos<\/p>\n<p class=\"text\">Tel 1: <u>+86 17158633203<\/u><br \/>\nTel 2: <u>+86 13066981085<\/u><\/p>\n<\/div>\n<div class=\"contact-item\">\n<div class=\"icon\"><img decoding=\"async\" title=\"p\u00e1gina-1-1\" src=\"\/wp-content\/themes\/web\/assets\/static\/picture\/contact-icon-3.webp\" alt=\"page-1-1\" \/><\/div>\n<p class=\"title\">Enviar-nos um e-mail<\/p>\n<p class=\"text\"><u><a href=\"mailto:b2ba001@superpdr.com\">b2ba001@superpdr.com<\/a><\/u><br \/>\n<u><a href=\"mailto:dentgoservice001@superpdr.com\">dentgoservice001@superpdr.com<\/a><\/u><\/p>\n<\/div>\n<\/div>\n<div class=\"contact-box\">\n<div class=\"inquiry-pc\">\n<div class=\"title\">Entrar em contacto<\/div>\n<div class=\"des\">Escreva a sua mensagem<\/div>\n<div id=\"wmkcfeedback\" class=\"wmkcfeedback\"><div class='fluentform ff-default fluentform_wrapper_3 ffs_default_wrap'><form data-form_id=\"3\" id=\"fluentform_3\" class=\"frm-fluent-form fluent_form_3 ff-el-form-top ff_form_instance_3_1 ff-form-loading ffs_default\" data-form_instance=\"ff_form_instance_3_1\" method=\"POST\" action=\"\" ><fieldset  style=\"border: none!important;margin: 0!important;padding: 0!important;background-color: transparent!important;box-shadow: none!important;outline: none!important; min-inline-size: 100%;\">\n                    <legend class=\"ff_screen_reader_title\" style=\"display: block; margin: 0!important;padding: 0!important;height: 0!important;text-indent: -999999px;width: 0!important;overflow:hidden;\">entrar em contacto<\/legend><input type='hidden' name='__fluent_form_embded_post_id' value='10' \/><input type=\"hidden\" id=\"_fluentform_3_fluentformnonce\" name=\"_fluentform_3_fluentformnonce\" value=\"e99b83ae9a\" \/><input type=\"hidden\" name=\"_wp_http_referer\" value=\"\/pt\/wp-json\/wp\/v2\/pages\/10\" \/><div data-name=\"ff_cn_id_1\"  class='ff-t-container ff-column-container ff_columns_total_2'><div class='ff-t-cell ff-t-column-1' style='flex-basis: 50%;'><div class='ff-el-group ff-el-form-hide_label'><div class=\"ff-el-input--label ff-el-is-required asterisk-right\"><label for='ff_3_input_text' id='label_ff_3_input_text' aria-label=\"\u6587\u672c\u8f93\u5165\u6846\">\u6587\u672c\u8f93\u5165\u6846<\/label><\/div><div class='ff-el-input--content'><input type=\"text\" name=\"input_text\" class=\"ff-el-form-control\" placeholder=\"O seu nome:*\" data-name=\"input_text\" id=\"ff_3_input_text\"  aria-invalid=\"false\" aria-required=\"true\"><\/div><\/div><\/div><div class='ff-t-cell ff-t-column-2' style='flex-basis: 50%;'><div class='ff-el-group ff-el-form-hide_label'><div class=\"ff-el-input--label ff-el-is-required asterisk-right\"><label for='ff_3_email' id='label_ff_3_email' aria-label=\"Correio eletr\u00f3nico\">Correio eletr\u00f3nico<\/label><\/div><div class='ff-el-input--content'><input type=\"email\" name=\"email\" id=\"ff_3_email\" class=\"ff-el-form-control\" placeholder=\"Correio eletr\u00f3nico:*\" data-name=\"email\"  aria-invalid=\"false\" aria-required=\"true\"><\/div><\/div><\/div><\/div><div data-name=\"ff_cn_id_2\"  class='ff-t-container ff-column-container ff_columns_total_2'><div class='ff-t-cell ff-t-column-1' style='flex-basis: 50%;'><div class='ff-el-group ff-el-form-hide_label'><div class=\"ff-el-input--label ff-el-is-required asterisk-right\"><label for='ff_3_email_1' id='label_ff_3_email_1' aria-label=\"Correio eletr\u00f3nico\">Correio eletr\u00f3nico<\/label><\/div><div class='ff-el-input--content'><input type=\"email\" name=\"email_1\" id=\"ff_3_email_1\" class=\"ff-el-form-control\" placeholder=\"Confirma\u00e7\u00e3o de correio eletr\u00f3nico:*\" data-name=\"email_1\"  aria-invalid=\"false\" aria-required=\"true\"><\/div><\/div><\/div><div class='ff-t-cell ff-t-column-2' style='flex-basis: 50%;'><div class='ff-el-group ff-el-form-hide_label'><div class=\"ff-el-input--label ff-el-is-required asterisk-right\"><label for='ff_3_input_text_1' id='label_ff_3_input_text_1' aria-label=\"\u6587\u672c\u8f93\u5165\u6846\">\u6587\u672c\u8f93\u5165\u6846<\/label><\/div><div class='ff-el-input--content'><input type=\"text\" name=\"input_text_1\" class=\"ff-el-form-control\" placeholder=\"Telefone\/WhatsApp:*\" data-name=\"input_text_1\" id=\"ff_3_input_text_1\"  aria-invalid=\"false\" aria-required=\"true\"><\/div><\/div><\/div><\/div><div data-name=\"ff_cn_id_3\"  class='ff-t-container ff-column-container ff_columns_total_2'><div class='ff-t-cell ff-t-column-1' style='flex-basis: 50%;'><div class='ff-el-group ff-el-form-hide_label'><div class=\"ff-el-input--label asterisk-right\"><label for='ff_3_input_text_2' id='label_ff_3_input_text_2' aria-label=\"\u6587\u672c\u8f93\u5165\u6846\">\u6587\u672c\u8f93\u5165\u6846<\/label><\/div><div class='ff-el-input--content'><input type=\"text\" name=\"input_text_2\" class=\"ff-el-form-control\" placeholder=\"Empresa:\" data-name=\"input_text_2\" id=\"ff_3_input_text_2\"  aria-invalid=\"false\" aria-required=\"false\"><\/div><\/div><\/div><div class='ff-t-cell ff-t-column-2' style='flex-basis: 50%;'><div class='ff-el-group ff-el-form-hide_label'><div class=\"ff-el-input--label ff-el-is-required asterisk-right\"><label for='ff_3_input_text_3' id='label_ff_3_input_text_3' aria-label=\"\u6587\u672c\u8f93\u5165\u6846\">\u6587\u672c\u8f93\u5165\u6846<\/label><\/div><div class='ff-el-input--content'><input type=\"text\" name=\"input_text_3\" class=\"ff-el-form-control\" placeholder=\"Assunto:*\" data-name=\"input_text_3\" id=\"ff_3_input_text_3\"  aria-invalid=\"false\" aria-required=\"true\"><\/div><\/div><\/div><\/div><div data-name=\"ff_cn_id_4\"  class='ff-t-container ff-column-container ff_columns_total_1'><div class='ff-t-cell ff-t-column-1' style='flex-basis: 100%;'><div class='ff-el-group ff-el-form-hide_label'><div class=\"ff-el-input--label ff-el-is-required asterisk-right\"><label for='ff_3_description' id='label_ff_3_description' aria-label=\"\u6587\u672c\u533a\u57df\">\u6587\u672c\u533a\u57df<\/label><\/div><div class='ff-el-input--content'><textarea aria-required=\"true\" aria-labelledby=\"label_ff_3_description\" name=\"description\" id=\"ff_3_description\" class=\"ff-el-form-control\" placeholder=\"Por favor, preencha estas informa\u00e7\u00f5es !*\" rows=\"5\" cols=\"2\" data-name=\"description\" ><\/textarea><\/div><\/div><\/div><\/div><div class='ff-el-group ff-text-center ff_submit_btn_wrapper'><button type=\"submit\" class=\"ff-btn ff-btn-submit ff-btn-md ff_btn_style\"  aria-label=\"Deixar uma mensagem\">Deixar uma mensagem<\/button><\/div><\/fieldset><input type=\"hidden\" name=\"trp-form-language\" value=\"pt\"\/><\/form><div id='fluentform_3_errors' class='ff-errors-in-stack ff_form_instance_3_1 ff-form-loading_errors ff_form_instance_3_1_errors'><\/div><\/div>            <script type=\"text\/javascript\">\n                window.fluent_form_ff_form_instance_3_1 = {\"id\":\"3\",\"settings\":{\"layout\":{\"labelPlacement\":\"top\",\"asteriskPlacement\":\"asterisk-right\",\"helpMessagePlacement\":\"with_label\",\"errorMessagePlacement\":\"inline\",\"cssClassName\":\"\"},\"restrictions\":{\"denyEmptySubmission\":{\"enabled\":false}}},\"form_instance\":\"ff_form_instance_3_1\",\"form_id_selector\":\"fluentform_3\",\"rules\":{\"input_text\":{\"required\":{\"value\":true,\"message\":\"please enter your name\",\"global_message\":\"\\u8fd9\\u662f\\u5fc5\\u586b\\u680f\",\"global\":false}},\"email\":{\"required\":{\"value\":true,\"message\":\"Please enter your email address.\",\"global_message\":\"\\u8fd9\\u662f\\u5fc5\\u586b\\u680f\",\"global\":false},\"email\":{\"value\":true,\"message\":\"This field must contain a valid email address.\",\"global_message\":\"\\u6b64\\u5b57\\u6bb5\\u5fc5\\u987b\\u5305\\u542b\\u6709\\u6548\\u7684\\u7535\\u5b50\\u90ae\\u7bb1\\u5730\\u5740\",\"global\":false}},\"email_1\":{\"required\":{\"value\":true,\"message\":\"Please enter the confirmation email address.\",\"global_message\":\"\\u8fd9\\u662f\\u5fc5\\u586b\\u680f\",\"global\":false},\"email\":{\"value\":true,\"message\":\"This field must contain a valid email address.\",\"global_message\":\"\\u6b64\\u5b57\\u6bb5\\u5fc5\\u987b\\u5305\\u542b\\u6709\\u6548\\u7684\\u7535\\u5b50\\u90ae\\u7bb1\\u5730\\u5740\",\"global\":false}},\"input_text_1\":{\"required\":{\"value\":true,\"message\":\"Please enter Phone\\\/WhatsApp\",\"global_message\":\"\\u8fd9\\u662f\\u5fc5\\u586b\\u680f\",\"global\":false}},\"input_text_2\":{\"required\":{\"value\":false,\"message\":\"Este campo \\u00e9 obrigat\\u00f3rio\",\"global_message\":\"\\u8fd9\\u662f\\u5fc5\\u586b\\u680f\",\"global\":true}},\"input_text_3\":{\"required\":{\"value\":true,\"message\":\"Please enter Subject\",\"global_message\":\"\\u8fd9\\u662f\\u5fc5\\u586b\\u680f\",\"global\":false}},\"description\":{\"required\":{\"value\":true,\"message\":\"Please enter infomation\",\"global_message\":\"\\u8fd9\\u662f\\u5fc5\\u586b\\u680f\",\"global\":false}}},\"debounce_time\":300};\n                            <\/script>\n            <\/div>\n<\/div>\n<\/div>","protected":false},"excerpt":{"rendered":"<p>Address RoomA06, 5A\/F, Building 1, Meicheng Industrial Park, No.4 Xinhe Street, Bantian Street, Longgang District, Shenzhen City, Guangdong Province, China 518116 Call Us Tel 1: +86 17158633203 Tel 2: +86 13066981085 Email Us b2ba001@superpdr.com dentgoservice001@superpdr.com Get in Touch Write Your Message<\/p>","protected":false},"author":1,"featured_media":0,"parent":0,"menu_order":6,"comment_status":"closed","ping_status":"closed","template":"","meta":{"footnotes":""},"class_list":["post-10","page","type-page","status-publish","hentry"],"acf":[],"yoast_head":"<!-- This site is optimized with the Yoast SEO plugin v27.5 - https:\/\/yoast.com\/product\/yoast-seo-wordpress\/ -->\n<title>Contact Us - PDR Tools Manufacturers and Suppliers China - Wholesale Quotation - Shenzhen Zhizongsihai Technology Co., Ltd..<\/title>\n<meta name=\"robots\" content=\"index, follow, max-snippet:-1, max-image-preview:large, max-video-preview:-1\" \/>\n<link rel=\"canonical\" href=\"https:\/\/superpdr.com\/pt\/contact-us\/\" \/>\n<meta property=\"og:locale\" content=\"pt_PT\" \/>\n<meta property=\"og:type\" content=\"article\" \/>\n<meta property=\"og:title\" content=\"Contact Us - PDR Tools Manufacturers and Suppliers China - Wholesale Quotation - Shenzhen Zhizongsihai Technology Co., Ltd..\" \/>\n<meta property=\"og:description\" content=\"Address RoomA06, 5A\/F, Building 1, Meicheng Industrial Park, No.4 Xinhe Street, Bantian Street, Longgang District, Shenzhen City, Guangdong Province, China 518116 Call Us Tel 1: +86 17158633203 Tel 2: +86 13066981085 Email Us b2ba001@superpdr.com dentgoservice001@superpdr.com Get in Touch Write Your Message\" \/>\n<meta property=\"og:url\" content=\"https:\/\/superpdr.com\/pt\/contact-us\/\" \/>\n<meta property=\"og:site_name\" content=\"PDR Tools Manufacturers and Suppliers China - Wholesale Quotation - Shenzhen Zhizongsihai Technology Co., Ltd..\" \/>\n<meta property=\"article:modified_time\" content=\"2026-04-22T07:25:40+00:00\" \/>\n<meta name=\"twitter:card\" content=\"summary_large_image\" \/>\n<script type=\"application\/ld+json\" class=\"yoast-schema-graph\">{\"@context\":\"https:\\\/\\\/schema.org\",\"@graph\":[{\"@type\":\"WebPage\",\"@id\":\"https:\\\/\\\/superpdr.com\\\/pt\\\/contact-us\\\/\",\"url\":\"https:\\\/\\\/superpdr.com\\\/pt\\\/contact-us\\\/\",\"name\":\"Contact Us - PDR Tools Manufacturers and Suppliers China - Wholesale Quotation - Shenzhen Zhizongsihai Technology Co., Ltd..\",\"isPartOf\":{\"@id\":\"https:\\\/\\\/superpdr.com\\\/pt\\\/#website\"},\"datePublished\":\"2026-02-25T02:10:28+00:00\",\"dateModified\":\"2026-04-22T07:25:40+00:00\",\"breadcrumb\":{\"@id\":\"https:\\\/\\\/superpdr.com\\\/pt\\\/contact-us\\\/#breadcrumb\"},\"inLanguage\":\"pt-PT\",\"potentialAction\":[{\"@type\":\"ReadAction\",\"target\":[\"https:\\\/\\\/superpdr.com\\\/pt\\\/contact-us\\\/\"]}]},{\"@type\":\"BreadcrumbList\",\"@id\":\"https:\\\/\\\/superpdr.com\\\/pt\\\/contact-us\\\/#breadcrumb\",\"itemListElement\":[{\"@type\":\"ListItem\",\"position\":1,\"name\":\"\u9996\u9875\",\"item\":\"https:\\\/\\\/superpdr.com\\\/\"},{\"@type\":\"ListItem\",\"position\":2,\"name\":\"Contact Us\"}]},{\"@type\":\"WebSite\",\"@id\":\"https:\\\/\\\/superpdr.com\\\/pt\\\/#website\",\"url\":\"https:\\\/\\\/superpdr.com\\\/pt\\\/\",\"name\":\"Super PDR\",\"description\":\"Devoted to manufacturing high quality pdr tools, Dentgo Technology is warmly welcoming you to visit our website to get more information. We provide you excellent after-sale services and on-time deliver as promised. With advanced development team and strict production process, we surely guarantee our high quality PDR tools, and you don&#039;t need to worry about anything.\",\"publisher\":{\"@id\":\"https:\\\/\\\/superpdr.com\\\/pt\\\/#organization\"},\"potentialAction\":[{\"@type\":\"SearchAction\",\"target\":{\"@type\":\"EntryPoint\",\"urlTemplate\":\"https:\\\/\\\/superpdr.com\\\/pt\\\/?s={search_term_string}\"},\"query-input\":{\"@type\":\"PropertyValueSpecification\",\"valueRequired\":true,\"valueName\":\"search_term_string\"}}],\"inLanguage\":\"pt-PT\"},{\"@type\":\"Organization\",\"@id\":\"https:\\\/\\\/superpdr.com\\\/pt\\\/#organization\",\"name\":\"Super PDR\",\"url\":\"https:\\\/\\\/superpdr.com\\\/pt\\\/\",\"logo\":{\"@type\":\"ImageObject\",\"inLanguage\":\"pt-PT\",\"@id\":\"https:\\\/\\\/superpdr.com\\\/pt\\\/#\\\/schema\\\/logo\\\/image\\\/\",\"url\":\"\",\"contentUrl\":\"\",\"caption\":\"Super PDR\"},\"image\":{\"@id\":\"https:\\\/\\\/superpdr.com\\\/pt\\\/#\\\/schema\\\/logo\\\/image\\\/\"}}]}<\/script>\n<!-- \/ Yoast SEO plugin. -->","yoast_head_json":{"title":"Contact Us - PDR Tools Manufacturers and Suppliers China - Wholesale Quotation - Shenzhen Zhizongsihai Technology Co., Ltd..","robots":{"index":"index","follow":"follow","max-snippet":"max-snippet:-1","max-image-preview":"max-image-preview:large","max-video-preview":"max-video-preview:-1"},"canonical":"https:\/\/superpdr.com\/pt\/contact-us\/","og_locale":"pt_PT","og_type":"article","og_title":"Contact Us - PDR Tools Manufacturers and Suppliers China - Wholesale Quotation - Shenzhen Zhizongsihai Technology Co., Ltd..","og_description":"Address RoomA06, 5A\/F, Building 1, Meicheng Industrial Park, No.4 Xinhe Street, Bantian Street, Longgang District, Shenzhen City, Guangdong Province, China 518116 Call Us Tel 1: +86 17158633203 Tel 2: +86 13066981085 Email Us b2ba001@superpdr.com dentgoservice001@superpdr.com Get in Touch Write Your Message","og_url":"https:\/\/superpdr.com\/pt\/contact-us\/","og_site_name":"PDR Tools Manufacturers and Suppliers China - Wholesale Quotation - Shenzhen Zhizongsihai Technology Co., Ltd..","article_modified_time":"2026-04-22T07:25:40+00:00","twitter_card":"summary_large_image","schema":{"@context":"https:\/\/schema.org","@graph":[{"@type":"WebPage","@id":"https:\/\/superpdr.com\/pt\/contact-us\/","url":"https:\/\/superpdr.com\/pt\/contact-us\/","name":"Contact Us - PDR Tools Manufacturers and Suppliers China - Wholesale Quotation - Shenzhen Zhizongsihai Technology Co., Ltd..","isPartOf":{"@id":"https:\/\/superpdr.com\/pt\/#website"},"datePublished":"2026-02-25T02:10:28+00:00","dateModified":"2026-04-22T07:25:40+00:00","breadcrumb":{"@id":"https:\/\/superpdr.com\/pt\/contact-us\/#breadcrumb"},"inLanguage":"pt-PT","potentialAction":[{"@type":"ReadAction","target":["https:\/\/superpdr.com\/pt\/contact-us\/"]}]},{"@type":"BreadcrumbList","@id":"https:\/\/superpdr.com\/pt\/contact-us\/#breadcrumb","itemListElement":[{"@type":"ListItem","position":1,"name":"\u9996\u9875","item":"https:\/\/superpdr.com\/"},{"@type":"ListItem","position":2,"name":"Contact Us"}]},{"@type":"WebSite","@id":"https:\/\/superpdr.com\/pt\/#website","url":"https:\/\/superpdr.com\/pt\/","name":"Super PDR","description":"Devoted to manufacturing high quality pdr tools, Dentgo Technology is warmly welcoming you to visit our website to get more information. We provide you excellent after-sale services and on-time deliver as promised. With advanced development team and strict production process, we surely guarantee our high quality PDR tools, and you don&#039;t need to worry about anything.","publisher":{"@id":"https:\/\/superpdr.com\/pt\/#organization"},"potentialAction":[{"@type":"SearchAction","target":{"@type":"EntryPoint","urlTemplate":"https:\/\/superpdr.com\/pt\/?s={search_term_string}"},"query-input":{"@type":"PropertyValueSpecification","valueRequired":true,"valueName":"search_term_string"}}],"inLanguage":"pt-PT"},{"@type":"Organization","@id":"https:\/\/superpdr.com\/pt\/#organization","name":"Super PDR","url":"https:\/\/superpdr.com\/pt\/","logo":{"@type":"ImageObject","inLanguage":"pt-PT","@id":"https:\/\/superpdr.com\/pt\/#\/schema\/logo\/image\/","url":"","contentUrl":"","caption":"Super PDR"},"image":{"@id":"https:\/\/superpdr.com\/pt\/#\/schema\/logo\/image\/"}}]}},"_links":{"self":[{"href":"https:\/\/superpdr.com\/pt\/wp-json\/wp\/v2\/pages\/10","targetHints":{"allow":["GET"]}}],"collection":[{"href":"https:\/\/superpdr.com\/pt\/wp-json\/wp\/v2\/pages"}],"about":[{"href":"https:\/\/superpdr.com\/pt\/wp-json\/wp\/v2\/types\/page"}],"author":[{"embeddable":true,"href":"https:\/\/superpdr.com\/pt\/wp-json\/wp\/v2\/users\/1"}],"replies":[{"embeddable":true,"href":"https:\/\/superpdr.com\/pt\/wp-json\/wp\/v2\/comments?post=10"}],"version-history":[{"count":9,"href":"https:\/\/superpdr.com\/pt\/wp-json\/wp\/v2\/pages\/10\/revisions"}],"predecessor-version":[{"id":9956,"href":"https:\/\/superpdr.com\/pt\/wp-json\/wp\/v2\/pages\/10\/revisions\/9956"}],"wp:attachment":[{"href":"https:\/\/superpdr.com\/pt\/wp-json\/wp\/v2\/media?parent=10"}],"curies":[{"name":"wp","href":"https:\/\/api.w.org\/{rel}","templated":true}]}}