{"id":15,"date":"2026-02-25T10:23:14","date_gmt":"2026-02-25T02:23:14","guid":{"rendered":"https:\/\/superpdr.com\/?page_id=15"},"modified":"2026-04-11T14:51:45","modified_gmt":"2026-04-11T06:51:45","slug":"about-us","status":"publish","type":"page","link":"https:\/\/superpdr.com\/pt\/about-us\/","title":{"rendered":"Sobre n\u00f3s"},"content":{"rendered":"<div>\n<div>\n<p><strong>Shenzhen Zhizongsihai Technology Co., Ltd.<\/strong> foi fundada em 2013 e est\u00e1 sediada em Shenzhen, Guangdong, operando uma base de produ\u00e7\u00e3o moderna que abrange 3.000 metros quadrados. A empresa concentra-se em ferramentas de repara\u00e7\u00e3o de mossas sem pintura autom\u00f3vel (PDR) e equipamento de repara\u00e7\u00e3o de vidro autom\u00f3vel, integrando design, I&amp;D, produ\u00e7\u00e3o, vendas e servi\u00e7os para fornecer solu\u00e7\u00f5es profissionais diversificadas para utilizadores que v\u00e3o desde indiv\u00edduos a grandes empresas.<\/p>\n<p>Guiada pela filosofia \u201cSobreviver atrav\u00e9s da for\u00e7a, desenvolver-se atrav\u00e9s da inova\u00e7\u00e3o\u201d, a sua marca l\u00edder <strong>Super PDR<\/strong> tornou-se um nome importante em termos de tecnologia e qualidade no sector. A marca representa a inova\u00e7\u00e3o cont\u00ednua e um enfoque a longo prazo no desenvolvimento de produtos, no fabrico e no apoio ao fornecimento de ferramentas de repara\u00e7\u00e3o de mossas e solu\u00e7\u00f5es de repara\u00e7\u00e3o de para-brisas para autom\u00f3veis.<\/p>\n<p>A empresa possui uma equipa profissional de I&amp;D, mais de 300 trabalhadores qualificados e mais de dez linhas de produ\u00e7\u00e3o automatizadas. Estabeleceu um sistema de controlo de qualidade abrangente para apoiar a fiabilidade do produto e a resposta r\u00e1pida \u00e0s necessidades dos clientes. Nos dom\u00ednios da repara\u00e7\u00e3o de amolgadelas sem pintura em autom\u00f3veis e da repara\u00e7\u00e3o de vidros, a empresa det\u00e9m marcas comerciais, patentes e direitos de autor nacionais e internacionais. Mantendo o princ\u00edpio de \u201cQualidade e servi\u00e7o em primeiro lugar\u201d atrav\u00e9s de uma cadeia log\u00edstica fi\u00e1vel e de uma equipa de vendas dedicada, a empresa fornece aos clientes de todo o mundo uma gama de produtos e solu\u00e7\u00f5es.<\/p>\n<p>Sinceramente, damos as boas-vindas aos clientes globais para colaborar connosco, praticando conjuntamente a filosofia de desenvolvimento de \u201cTecnologia - Inova\u00e7\u00e3o - Tend\u00eancia\u201d, e trabalhando em conjunto para fazer avan\u00e7ar o desenvolvimento de alta qualidade da ind\u00fastria de repara\u00e7\u00e3o de mossas sem pintura autom\u00f3vel, contribuindo para o progresso sustent\u00e1vel da cadeia global da ind\u00fastria autom\u00f3vel.<\/p>\n<\/div>\n<\/div>\n<div class=\"kche-wrap-width\">\n<div class=\"kche-t41\">\n<div class=\"kche-flex-jc-sb kche-text-align-c\" style=\"display: flex; flex-wrap: wrap; justify-content: space-between;\">\n<div class=\"kche-flex-item kche-flex-item5\" style=\"width: 16.5%;\">\n<div class=\"kche-item-img\"><img loading=\"lazy\" decoding=\"async\" title=\"p\u00e1gina-345-230\" src=\"\/wp-content\/themes\/web\/assets\/static\/picture\/p2024040116091252676.jpg\" alt=\"page-345-230\" width=\"345\" height=\"230\" \/><\/div>\n<\/div>\n<div class=\"kche-flex-item kche-flex-item5\" style=\"width: 16.5%;\">\n<div class=\"kche-item-img\"><img loading=\"lazy\" decoding=\"async\" title=\"p\u00e1gina-345-230\" src=\"\/wp-content\/themes\/web\/assets\/static\/picture\/p2024040116102877f58.jpg\" alt=\"page-345-230\" width=\"345\" height=\"230\" \/><\/div>\n<\/div>\n<div class=\"kche-flex-item kche-flex-item5\" style=\"width: 16.5%;\">\n<div class=\"kche-item-img\"><img loading=\"lazy\" decoding=\"async\" title=\"\u516c\u53f82.jpg\" src=\"\/wp-content\/themes\/web\/assets\/static\/picture\/201812261723544124422.jpg\" alt=\"\u516c\u53f82.jpg\" width=\"345\" height=\"230\" \/><\/div>\n<\/div>\n<div class=\"kche-flex-item kche-flex-item5\" style=\"width: 16.5%;\">\n<div class=\"kche-item-img\"><img loading=\"lazy\" decoding=\"async\" title=\"\u516c\u53f83.jpg\" src=\"\/wp-content\/themes\/web\/assets\/static\/picture\/201812261724133253737.jpg\" alt=\"\u516c\u53f83.jpg\" width=\"345\" height=\"230\" \/><\/div>\n<\/div>\n<div class=\"kche-flex-item kche-flex-item5\" style=\"width: 16.5%;\">\n<div class=\"kche-item-img\"><img decoding=\"async\" title=\"\u516c\u53f81.jpg\" src=\"\/wp-content\/themes\/web\/assets\/static\/picture\/201812261724284256472.jpg\" alt=\"\u516c\u53f81.jpg\" \/><\/div>\n<\/div>\n<div class=\"kche-flex-item kche-flex-item5\" style=\"width: 16.5%;\">\n<div class=\"kche-item-img\"><img decoding=\"async\" title=\"\u516c\u53f84.jpg\" src=\"\/wp-content\/themes\/web\/assets\/static\/picture\/201812261724399861810.jpg\" alt=\"\u516c\u53f84.jpg\" \/><\/div>\n<\/div>\n<\/div>\n<\/div>\n<\/div>\n<p>&nbsp;<\/p>\n<table style=\"width: 100%;\" border=\"0\" cellspacing=\"0\" cellpadding=\"0\">\n<tbody>\n<tr>\n<td>\n<p style=\"text-align: center;\"><img loading=\"lazy\" decoding=\"async\" title=\"p\u00e1gina-1200-1000\" src=\"\/wp-content\/themes\/web\/assets\/static\/picture\/202406201000427df65.jpg\" alt=\"page-1200-1000\" width=\"1200\" height=\"1000\" \/><\/p>\n<\/td>\n<td>\n<p style=\"text-align: center;\"><img loading=\"lazy\" decoding=\"async\" title=\"p\u00e1gina-1200-1000\" src=\"\/wp-content\/themes\/web\/assets\/static\/picture\/2024062010005950d3d.jpg\" alt=\"page-1200-1000\" width=\"1200\" height=\"1000\" \/><\/p>\n<\/td>\n<\/tr>\n<\/tbody>\n<\/table>\n<p>&nbsp;<\/p>","protected":false},"excerpt":{"rendered":"<p>Shenzhen Zhizongsihai Technology Co., Ltd. was founded in 2013 and is headquartered in Shenzhen, Guangdong, operating a modern production base spanning 3,000 square meters. The company focuses on automotive paint-less dent repair (PDR) tools and automotive glass repair equipment, integrating design, R&amp;D, production, sales, and service to provide diversified professional solutions for users ranging from [&hellip;]<\/p>\n","protected":false},"author":1,"featured_media":0,"parent":0,"menu_order":4,"comment_status":"closed","ping_status":"closed","template":"","meta":{"footnotes":""},"class_list":["post-15","page","type-page","status-publish","hentry"],"acf":[],"yoast_head":"<!-- This site is optimized with the Yoast SEO plugin v27.5 - https:\/\/yoast.com\/product\/yoast-seo-wordpress\/ -->\n<title>About Us - PDR Tools Manufacturers and Suppliers China - Wholesale Quotation - Shenzhen Zhizongsihai Technology Co., Ltd..<\/title>\n<meta name=\"robots\" content=\"index, follow, max-snippet:-1, max-image-preview:large, max-video-preview:-1\" \/>\n<link rel=\"canonical\" href=\"https:\/\/superpdr.com\/pt\/about-us\/\" \/>\n<meta property=\"og:locale\" content=\"pt_PT\" \/>\n<meta property=\"og:type\" content=\"article\" \/>\n<meta property=\"og:title\" content=\"About Us - PDR Tools Manufacturers and Suppliers China - Wholesale Quotation - Shenzhen Zhizongsihai Technology Co., Ltd..\" \/>\n<meta property=\"og:description\" content=\"Shenzhen Zhizongsihai Technology Co., Ltd. was founded in 2013 and is headquartered in Shenzhen, Guangdong, operating a modern production base spanning 3,000 square meters. The company focuses on automotive paint-less dent repair (PDR) tools and automotive glass repair equipment, integrating design, R&amp;D, production, sales, and service to provide diversified professional solutions for users ranging from [&hellip;]\" \/>\n<meta property=\"og:url\" content=\"https:\/\/superpdr.com\/pt\/about-us\/\" \/>\n<meta property=\"og:site_name\" content=\"PDR Tools Manufacturers and Suppliers China - Wholesale Quotation - Shenzhen Zhizongsihai Technology Co., Ltd..\" \/>\n<meta property=\"article:modified_time\" content=\"2026-04-11T06:51:45+00:00\" \/>\n<meta name=\"twitter:card\" content=\"summary_large_image\" \/>\n<meta name=\"twitter:label1\" content=\"Tempo estimado de leitura\" \/>\n\t<meta name=\"twitter:data1\" content=\"1 minuto\" \/>\n<script type=\"application\/ld+json\" class=\"yoast-schema-graph\">{\"@context\":\"https:\\\/\\\/schema.org\",\"@graph\":[{\"@type\":\"WebPage\",\"@id\":\"https:\\\/\\\/superpdr.com\\\/pt\\\/about-us\\\/\",\"url\":\"https:\\\/\\\/superpdr.com\\\/pt\\\/about-us\\\/\",\"name\":\"About Us - PDR Tools Manufacturers and Suppliers China - Wholesale Quotation - Shenzhen Zhizongsihai Technology Co., Ltd..\",\"isPartOf\":{\"@id\":\"https:\\\/\\\/superpdr.com\\\/pt\\\/#website\"},\"datePublished\":\"2026-02-25T02:23:14+00:00\",\"dateModified\":\"2026-04-11T06:51:45+00:00\",\"breadcrumb\":{\"@id\":\"https:\\\/\\\/superpdr.com\\\/pt\\\/about-us\\\/#breadcrumb\"},\"inLanguage\":\"pt-PT\",\"potentialAction\":[{\"@type\":\"ReadAction\",\"target\":[\"https:\\\/\\\/superpdr.com\\\/pt\\\/about-us\\\/\"]}]},{\"@type\":\"BreadcrumbList\",\"@id\":\"https:\\\/\\\/superpdr.com\\\/pt\\\/about-us\\\/#breadcrumb\",\"itemListElement\":[{\"@type\":\"ListItem\",\"position\":1,\"name\":\"\u9996\u9875\",\"item\":\"https:\\\/\\\/superpdr.com\\\/\"},{\"@type\":\"ListItem\",\"position\":2,\"name\":\"About Us\"}]},{\"@type\":\"WebSite\",\"@id\":\"https:\\\/\\\/superpdr.com\\\/pt\\\/#website\",\"url\":\"https:\\\/\\\/superpdr.com\\\/pt\\\/\",\"name\":\"Super PDR\",\"description\":\"Devoted to manufacturing high quality pdr tools, Dentgo Technology is warmly welcoming you to visit our website to get more information. We provide you excellent after-sale services and on-time deliver as promised. With advanced development team and strict production process, we surely guarantee our high quality PDR tools, and you don&#039;t need to worry about anything.\",\"publisher\":{\"@id\":\"https:\\\/\\\/superpdr.com\\\/pt\\\/#organization\"},\"potentialAction\":[{\"@type\":\"SearchAction\",\"target\":{\"@type\":\"EntryPoint\",\"urlTemplate\":\"https:\\\/\\\/superpdr.com\\\/pt\\\/?s={search_term_string}\"},\"query-input\":{\"@type\":\"PropertyValueSpecification\",\"valueRequired\":true,\"valueName\":\"search_term_string\"}}],\"inLanguage\":\"pt-PT\"},{\"@type\":\"Organization\",\"@id\":\"https:\\\/\\\/superpdr.com\\\/pt\\\/#organization\",\"name\":\"Super PDR\",\"url\":\"https:\\\/\\\/superpdr.com\\\/pt\\\/\",\"logo\":{\"@type\":\"ImageObject\",\"inLanguage\":\"pt-PT\",\"@id\":\"https:\\\/\\\/superpdr.com\\\/pt\\\/#\\\/schema\\\/logo\\\/image\\\/\",\"url\":\"\",\"contentUrl\":\"\",\"caption\":\"Super PDR\"},\"image\":{\"@id\":\"https:\\\/\\\/superpdr.com\\\/pt\\\/#\\\/schema\\\/logo\\\/image\\\/\"}}]}<\/script>\n<!-- \/ Yoast SEO plugin. -->","yoast_head_json":{"title":"About Us - PDR Tools Manufacturers and Suppliers China - Wholesale Quotation - Shenzhen Zhizongsihai Technology Co., Ltd..","robots":{"index":"index","follow":"follow","max-snippet":"max-snippet:-1","max-image-preview":"max-image-preview:large","max-video-preview":"max-video-preview:-1"},"canonical":"https:\/\/superpdr.com\/pt\/about-us\/","og_locale":"pt_PT","og_type":"article","og_title":"About Us - PDR Tools Manufacturers and Suppliers China - Wholesale Quotation - Shenzhen Zhizongsihai Technology Co., Ltd..","og_description":"Shenzhen Zhizongsihai Technology Co., Ltd. was founded in 2013 and is headquartered in Shenzhen, Guangdong, operating a modern production base spanning 3,000 square meters. The company focuses on automotive paint-less dent repair (PDR) tools and automotive glass repair equipment, integrating design, R&amp;D, production, sales, and service to provide diversified professional solutions for users ranging from [&hellip;]","og_url":"https:\/\/superpdr.com\/pt\/about-us\/","og_site_name":"PDR Tools Manufacturers and Suppliers China - Wholesale Quotation - Shenzhen Zhizongsihai Technology Co., Ltd..","article_modified_time":"2026-04-11T06:51:45+00:00","twitter_card":"summary_large_image","twitter_misc":{"Tempo estimado de leitura":"1 minuto"},"schema":{"@context":"https:\/\/schema.org","@graph":[{"@type":"WebPage","@id":"https:\/\/superpdr.com\/pt\/about-us\/","url":"https:\/\/superpdr.com\/pt\/about-us\/","name":"About Us - PDR Tools Manufacturers and Suppliers China - Wholesale Quotation - Shenzhen Zhizongsihai Technology Co., Ltd..","isPartOf":{"@id":"https:\/\/superpdr.com\/pt\/#website"},"datePublished":"2026-02-25T02:23:14+00:00","dateModified":"2026-04-11T06:51:45+00:00","breadcrumb":{"@id":"https:\/\/superpdr.com\/pt\/about-us\/#breadcrumb"},"inLanguage":"pt-PT","potentialAction":[{"@type":"ReadAction","target":["https:\/\/superpdr.com\/pt\/about-us\/"]}]},{"@type":"BreadcrumbList","@id":"https:\/\/superpdr.com\/pt\/about-us\/#breadcrumb","itemListElement":[{"@type":"ListItem","position":1,"name":"\u9996\u9875","item":"https:\/\/superpdr.com\/"},{"@type":"ListItem","position":2,"name":"About Us"}]},{"@type":"WebSite","@id":"https:\/\/superpdr.com\/pt\/#website","url":"https:\/\/superpdr.com\/pt\/","name":"Super PDR","description":"Devoted to manufacturing high quality pdr tools, Dentgo Technology is warmly welcoming you to visit our website to get more information. We provide you excellent after-sale services and on-time deliver as promised. With advanced development team and strict production process, we surely guarantee our high quality PDR tools, and you don&#039;t need to worry about anything.","publisher":{"@id":"https:\/\/superpdr.com\/pt\/#organization"},"potentialAction":[{"@type":"SearchAction","target":{"@type":"EntryPoint","urlTemplate":"https:\/\/superpdr.com\/pt\/?s={search_term_string}"},"query-input":{"@type":"PropertyValueSpecification","valueRequired":true,"valueName":"search_term_string"}}],"inLanguage":"pt-PT"},{"@type":"Organization","@id":"https:\/\/superpdr.com\/pt\/#organization","name":"Super PDR","url":"https:\/\/superpdr.com\/pt\/","logo":{"@type":"ImageObject","inLanguage":"pt-PT","@id":"https:\/\/superpdr.com\/pt\/#\/schema\/logo\/image\/","url":"","contentUrl":"","caption":"Super PDR"},"image":{"@id":"https:\/\/superpdr.com\/pt\/#\/schema\/logo\/image\/"}}]}},"_links":{"self":[{"href":"https:\/\/superpdr.com\/pt\/wp-json\/wp\/v2\/pages\/15","targetHints":{"allow":["GET"]}}],"collection":[{"href":"https:\/\/superpdr.com\/pt\/wp-json\/wp\/v2\/pages"}],"about":[{"href":"https:\/\/superpdr.com\/pt\/wp-json\/wp\/v2\/types\/page"}],"author":[{"embeddable":true,"href":"https:\/\/superpdr.com\/pt\/wp-json\/wp\/v2\/users\/1"}],"replies":[{"embeddable":true,"href":"https:\/\/superpdr.com\/pt\/wp-json\/wp\/v2\/comments?post=15"}],"version-history":[{"count":6,"href":"https:\/\/superpdr.com\/pt\/wp-json\/wp\/v2\/pages\/15\/revisions"}],"predecessor-version":[{"id":9908,"href":"https:\/\/superpdr.com\/pt\/wp-json\/wp\/v2\/pages\/15\/revisions\/9908"}],"wp:attachment":[{"href":"https:\/\/superpdr.com\/pt\/wp-json\/wp\/v2\/media?parent=15"}],"curies":[{"name":"wp","href":"https:\/\/api.w.org\/{rel}","templated":true}]}}