{"id":9700,"date":"2026-03-14T21:25:36","date_gmt":"2026-03-14T13:25:36","guid":{"rendered":"https:\/\/superpdr.com\/?page_id=9700"},"modified":"2026-03-14T21:28:40","modified_gmt":"2026-03-14T13:28:40","slug":"knowledge-center","status":"publish","type":"page","link":"https:\/\/superpdr.com\/pt\/knowledge-center\/","title":{"rendered":"Centro de conhecimento"},"content":{"rendered":"<section class=\"kb-hub kb-knowledge-center\">\n<h1>Centro de conhecimento<\/h1>\n<p>This page brings together published technical knowledge content, FAQ hubs, references, and update records for Super PDR.<\/p>\n<h2>Artigos de conhecimento<\/h2>\n<ul>\n<li><a href=\"https:\/\/superpdr.com\/info\/a-w1-resin-chemistry-103395520.html\">Qu\u00edmica da resina de repara\u00e7\u00e3o de para-brisas: Viscosidade, cura UV, amarelecimento e clareza \u00f3tica<\/a><\/li>\n<li><a href=\"https:\/\/superpdr.com\/info\/structural-integrity-after-windshield-repair-103395563.html\">A repara\u00e7\u00e3o do para-brisas restaura a resist\u00eancia? Integridade estrutural, limites e verifica\u00e7\u00e3o<\/a><\/li>\n<li><a href=\"https:\/\/superpdr.com\/info\/pdr-rod-steel-101-material-heat-treatment-h-103395574.html\">A\u00e7o para barras PDR 101: Material, tratamento t\u00e9rmico, dureza (HRC) e durabilidade<\/a><\/li>\n<li><a href=\"https:\/\/superpdr.com\/info\/pdr-mechanics-explained-leverage-tip-control-103395581.html\">Explica\u00e7\u00e3o da mec\u00e2nica da PDR: Alavancagem, controlo da ponta e utiliza\u00e7\u00e3o pr\u00e1tica da for\u00e7a<\/a><\/li>\n<li><a href=\"https:\/\/superpdr.com\/info\/pdr-tool-qc-standards-checklist-103395583.html\">Lista de verifica\u00e7\u00e3o das normas de controlo de qualidade da ferramenta PDR<\/a><\/li>\n<\/ul>\n<h2>Hubs de FAQ<\/h2>\n<ul>\n<li><a href=\"https:\/\/superpdr.com\/info\/windshield-repair-faqs-inspection-fleet-mobile-103396723.html\">Programa de repara\u00e7\u00e3o de para-brisas de frotas \/ Inspe\u00e7\u00e3o \/ Frota \/ Centro m\u00f3vel de perguntas frequentes<\/a><\/li>\n<li><a href=\"https:\/\/superpdr.com\/info\/windshield-repair-faqs-diy-luxury-enthusiasts-103396976.html\">FAQs sobre repara\u00e7\u00e3o de para-brisas DIY &amp; Luxury Enthusiast<\/a><\/li>\n<li><a href=\"https:\/\/superpdr.com\/info\/windshield-repair-faqs-highway-truck-rv-offroa-103396977.html\">Perguntas frequentes sobre a repara\u00e7\u00e3o de para-brisas em auto-estradas, cami\u00f5es, ve\u00edculos de recreio e todo-o-terreno<\/a><\/li>\n<\/ul>\n<h2>Trust &amp; Evidence<\/h2>\n<ul>\n<li><a href=\"https:\/\/superpdr.com\/references\/\">Refer\u00eancias<\/a><\/li>\n<li><a href=\"https:\/\/superpdr.com\/update-log\/\">Registo de atualiza\u00e7\u00e3o<\/a><\/li>\n<\/ul>\n<\/section>","protected":false},"excerpt":{"rendered":"<p>Knowledge Center This page brings together published technical knowledge content, FAQ hubs, references, and update records for Super PDR. Knowledge Articles Windshield Repair Resin Chemistry: Viscosity, UV Curing, Yellowing &amp; Optical Clarity Does Windshield Repair Restore Strength? Structural Integrity, Limits, and Verification PDR Rod Steel 101: Material, Heat Treatment, Hardness (HRC) &amp; Durability PDR Mechanics [&hellip;]<\/p>\n","protected":false},"author":1,"featured_media":0,"parent":0,"menu_order":3,"comment_status":"closed","ping_status":"closed","template":"","meta":{"footnotes":""},"class_list":["post-9700","page","type-page","status-publish","hentry"],"acf":[],"_links":{"self":[{"href":"https:\/\/superpdr.com\/pt\/wp-json\/wp\/v2\/pages\/9700","targetHints":{"allow":["GET"]}}],"collection":[{"href":"https:\/\/superpdr.com\/pt\/wp-json\/wp\/v2\/pages"}],"about":[{"href":"https:\/\/superpdr.com\/pt\/wp-json\/wp\/v2\/types\/page"}],"author":[{"embeddable":true,"href":"https:\/\/superpdr.com\/pt\/wp-json\/wp\/v2\/users\/1"}],"replies":[{"embeddable":true,"href":"https:\/\/superpdr.com\/pt\/wp-json\/wp\/v2\/comments?post=9700"}],"version-history":[{"count":1,"href":"https:\/\/superpdr.com\/pt\/wp-json\/wp\/v2\/pages\/9700\/revisions"}],"predecessor-version":[{"id":9701,"href":"https:\/\/superpdr.com\/pt\/wp-json\/wp\/v2\/pages\/9700\/revisions\/9701"}],"wp:attachment":[{"href":"https:\/\/superpdr.com\/pt\/wp-json\/wp\/v2\/media?parent=9700"}],"curies":[{"name":"wp","href":"https:\/\/api.w.org\/{rel}","templated":true}]}}