{"id":10,"date":"2026-02-25T10:10:28","date_gmt":"2026-02-25T02:10:28","guid":{"rendered":"https:\/\/superpdr.com\/?page_id=10"},"modified":"2026-02-26T18:07:52","modified_gmt":"2026-02-26T10:07:52","slug":"contact-us","status":"publish","type":"page","link":"https:\/\/superpdr.com\/tr\/contact-us\/","title":{"rendered":"Bize Ula\u015f\u0131n"},"content":{"rendered":"<div class=\"contact-list\">\n<div class=\"contact-item\">\n<div class=\"icon\"><img decoding=\"async\" alt=\"page-1-1\" loading=\"lazy\" title=\"sayfa-1-1\"\n                  src=\"\/wp-content\/themes\/web\/assets\/static\/picture\/contact-icon-1.webp\"><\/div>\n<p class=\"title\">Adres<\/p>\n<p class=\"text\">RoomA06, 5A\/F, Building 1, Meicheng Industrial Park, No.4 Xinhe Street, Bantian Street,<br \/>\n                Longgang B\u00f6lgesi, Shenzhen \u015eehri, Guangdong Eyaleti, \u00c7in<\/p>\n<\/p><\/div>\n<div class=\"contact-item\">\n<div class=\"icon\"><img decoding=\"async\" alt=\"page-1-1\" loading=\"lazy\" title=\"sayfa-1-1\"\n                  src=\"\/wp-content\/themes\/web\/assets\/static\/picture\/contact-icon-2.webp\"><\/div>\n<p class=\"title\">Bizi Aray\u0131n<\/p>\n<p class=\"text\">Tel: <u>+86 13066981085<\/u><br \/>\n                Tel: <u>+86&nbsp;17158633203<\/u><\/p>\n<\/p><\/div>\n<div class=\"contact-item\">\n<div class=\"icon\"><img decoding=\"async\" alt=\"page-1-1\" loading=\"lazy\" title=\"sayfa-1-1\"\n                  src=\"\/wp-content\/themes\/web\/assets\/static\/picture\/contact-icon-3.webp\"><\/div>\n<p class=\"title\">Bize E-posta G\u00f6nderin<\/p>\n<p class=\"text\"><u><a href=\"mailto:b2ba001@superpdr.com\">superpdrb2b03@superpdr.com<\/a><\/u><\/p>\n<p class=\"text\"><u>dentgoservice001@superpdr.com<\/u><\/p>\n<\/p><\/div>\n<\/p><\/div>\n<div class=\"contact-box\">\n<div class=\"inquiry-pc\">\n<div class=\"title\">\u0130leti\u015fime Ge\u00e7in<\/div>\n<div class=\"des\">Mesaj\u0131n\u0131z\u0131 Yaz\u0131n<\/div>\n<div id=\"wmkcfeedback\" class=\"wmkcfeedback\"><div class='fluentform ff-default fluentform_wrapper_3 ffs_default_wrap'><form data-form_id=\"3\" id=\"fluentform_3\" class=\"frm-fluent-form fluent_form_3 ff-el-form-top ff_form_instance_3_1 ff-form-loading ffs_default\" data-form_instance=\"ff_form_instance_3_1\" method=\"POST\" action=\"\" ><fieldset  style=\"border: none!important;margin: 0!important;padding: 0!important;background-color: transparent!important;box-shadow: none!important;outline: none!important; min-inline-size: 100%;\">\n                    <legend class=\"ff_screen_reader_title\" style=\"display: block; margin: 0!important;padding: 0!important;height: 0!important;text-indent: -999999px;width: 0!important;overflow:hidden;\">\u0130leti\u015fime ge\u00e7in<\/legend><input type='hidden' name='__fluent_form_embded_post_id' value='10' \/><input type=\"hidden\" id=\"_fluentform_3_fluentformnonce\" name=\"_fluentform_3_fluentformnonce\" value=\"35aaacbee1\" \/><input type=\"hidden\" name=\"_wp_http_referer\" value=\"\/tr\/wp-json\/wp\/v2\/pages\/10\" \/><div data-name=\"ff_cn_id_1\"  class='ff-t-container ff-column-container ff_columns_total_2'><div class='ff-t-cell ff-t-column-1' style='flex-basis: 50%;'><div class='ff-el-group ff-el-form-hide_label'><div class=\"ff-el-input--label ff-el-is-required asterisk-right\"><label for='ff_3_input_text' id='label_ff_3_input_text' aria-label=\"\u6587\u672c\u8f93\u5165\u6846\">\u6587\u672c\u8f93\u5165\u6846<\/label><\/div><div class='ff-el-input--content'><input type=\"text\" name=\"input_text\" class=\"ff-el-form-control\" placeholder=\"Ad\u0131n\u0131z:*\" data-name=\"input_text\" id=\"ff_3_input_text\"  aria-invalid=\"false\" aria-required=\"true\"><\/div><\/div><\/div><div class='ff-t-cell ff-t-column-2' style='flex-basis: 50%;'><div class='ff-el-group ff-el-form-hide_label'><div class=\"ff-el-input--label ff-el-is-required asterisk-right\"><label for='ff_3_email' id='label_ff_3_email' aria-label=\"E-posta\">E-posta<\/label><\/div><div class='ff-el-input--content'><input type=\"email\" name=\"email\" id=\"ff_3_email\" class=\"ff-el-form-control\" placeholder=\"E-posta:*\" data-name=\"email\"  aria-invalid=\"false\" aria-required=\"true\"><\/div><\/div><\/div><\/div><div data-name=\"ff_cn_id_2\"  class='ff-t-container ff-column-container ff_columns_total_2'><div class='ff-t-cell ff-t-column-1' style='flex-basis: 50%;'><div class='ff-el-group ff-el-form-hide_label'><div class=\"ff-el-input--label ff-el-is-required asterisk-right\"><label for='ff_3_email_1' id='label_ff_3_email_1' aria-label=\"E-posta\">E-posta<\/label><\/div><div class='ff-el-input--content'><input type=\"email\" name=\"email_1\" id=\"ff_3_email_1\" class=\"ff-el-form-control\" placeholder=\"E-posta Onay\u0131:*\" data-name=\"email_1\"  aria-invalid=\"false\" aria-required=\"true\"><\/div><\/div><\/div><div class='ff-t-cell ff-t-column-2' style='flex-basis: 50%;'><div class='ff-el-group ff-el-form-hide_label'><div class=\"ff-el-input--label ff-el-is-required asterisk-right\"><label for='ff_3_input_text_1' id='label_ff_3_input_text_1' aria-label=\"\u6587\u672c\u8f93\u5165\u6846\">\u6587\u672c\u8f93\u5165\u6846<\/label><\/div><div class='ff-el-input--content'><input type=\"text\" name=\"input_text_1\" class=\"ff-el-form-control\" placeholder=\"Telefon\/WhatsApp:*\" data-name=\"input_text_1\" id=\"ff_3_input_text_1\"  aria-invalid=\"false\" aria-required=\"true\"><\/div><\/div><\/div><\/div><div data-name=\"ff_cn_id_3\"  class='ff-t-container ff-column-container ff_columns_total_2'><div class='ff-t-cell ff-t-column-1' style='flex-basis: 50%;'><div class='ff-el-group ff-el-form-hide_label'><div class=\"ff-el-input--label asterisk-right\"><label for='ff_3_input_text_2' id='label_ff_3_input_text_2' aria-label=\"\u6587\u672c\u8f93\u5165\u6846\">\u6587\u672c\u8f93\u5165\u6846<\/label><\/div><div class='ff-el-input--content'><input type=\"text\" name=\"input_text_2\" class=\"ff-el-form-control\" placeholder=\"\u015eirket:\" data-name=\"input_text_2\" id=\"ff_3_input_text_2\"  aria-invalid=\"false\" aria-required=\"false\"><\/div><\/div><\/div><div class='ff-t-cell ff-t-column-2' style='flex-basis: 50%;'><div class='ff-el-group ff-el-form-hide_label'><div class=\"ff-el-input--label ff-el-is-required asterisk-right\"><label for='ff_3_input_text_3' id='label_ff_3_input_text_3' aria-label=\"\u6587\u672c\u8f93\u5165\u6846\">\u6587\u672c\u8f93\u5165\u6846<\/label><\/div><div class='ff-el-input--content'><input type=\"text\" name=\"input_text_3\" class=\"ff-el-form-control\" placeholder=\"Konu:*\" data-name=\"input_text_3\" id=\"ff_3_input_text_3\"  aria-invalid=\"false\" aria-required=\"true\"><\/div><\/div><\/div><\/div><div data-name=\"ff_cn_id_4\"  class='ff-t-container ff-column-container ff_columns_total_1'><div class='ff-t-cell ff-t-column-1' style='flex-basis: 100%;'><div class='ff-el-group ff-el-form-hide_label'><div class=\"ff-el-input--label ff-el-is-required asterisk-right\"><label for='ff_3_description' id='label_ff_3_description' aria-label=\"\u6587\u672c\u533a\u57df\">\u6587\u672c\u533a\u57df<\/label><\/div><div class='ff-el-input--content'><textarea aria-required=\"true\" aria-labelledby=\"label_ff_3_description\" name=\"description\" id=\"ff_3_description\" class=\"ff-el-form-control\" placeholder=\"L\u00fctfen bu bilgileri doldurunuz !*\" rows=\"5\" cols=\"2\" data-name=\"description\" ><\/textarea><\/div><\/div><\/div><\/div><div class='ff-el-group ff-text-center ff_submit_btn_wrapper'><button type=\"submit\" class=\"ff-btn ff-btn-submit ff-btn-md ff_btn_style\"  aria-label=\"Mesaj b\u0131rak\u0131n\">Mesaj b\u0131rak\u0131n<\/button><\/div><\/fieldset><input type=\"hidden\" name=\"trp-form-language\" value=\"tr\"\/><\/form><div id='fluentform_3_errors' class='ff-errors-in-stack ff_form_instance_3_1 ff-form-loading_errors ff_form_instance_3_1_errors'><\/div><\/div>            <script type=\"text\/javascript\">\n                window.fluent_form_ff_form_instance_3_1 = {\"id\":\"3\",\"settings\":{\"layout\":{\"labelPlacement\":\"top\",\"asteriskPlacement\":\"asterisk-right\",\"helpMessagePlacement\":\"with_label\",\"errorMessagePlacement\":\"inline\",\"cssClassName\":\"\"},\"restrictions\":{\"denyEmptySubmission\":{\"enabled\":false}}},\"form_instance\":\"ff_form_instance_3_1\",\"form_id_selector\":\"fluentform_3\",\"rules\":{\"input_text\":{\"required\":{\"value\":true,\"message\":\"please enter your name\",\"global_message\":\"\\u8fd9\\u662f\\u5fc5\\u586b\\u680f\",\"global\":false}},\"email\":{\"required\":{\"value\":true,\"message\":\"Please enter your email address.\",\"global_message\":\"\\u8fd9\\u662f\\u5fc5\\u586b\\u680f\",\"global\":false},\"email\":{\"value\":true,\"message\":\"This field must contain a valid email address.\",\"global_message\":\"\\u6b64\\u5b57\\u6bb5\\u5fc5\\u987b\\u5305\\u542b\\u6709\\u6548\\u7684\\u7535\\u5b50\\u90ae\\u7bb1\\u5730\\u5740\",\"global\":false}},\"email_1\":{\"required\":{\"value\":true,\"message\":\"Please enter the confirmation email address.\",\"global_message\":\"\\u8fd9\\u662f\\u5fc5\\u586b\\u680f\",\"global\":false},\"email\":{\"value\":true,\"message\":\"This field must contain a valid email address.\",\"global_message\":\"\\u6b64\\u5b57\\u6bb5\\u5fc5\\u987b\\u5305\\u542b\\u6709\\u6548\\u7684\\u7535\\u5b50\\u90ae\\u7bb1\\u5730\\u5740\",\"global\":false}},\"input_text_1\":{\"required\":{\"value\":true,\"message\":\"Please enter Phone\\\/WhatsApp\",\"global_message\":\"\\u8fd9\\u662f\\u5fc5\\u586b\\u680f\",\"global\":false}},\"input_text_2\":{\"required\":{\"value\":false,\"message\":\"This field is required\",\"global_message\":\"\\u8fd9\\u662f\\u5fc5\\u586b\\u680f\",\"global\":true}},\"input_text_3\":{\"required\":{\"value\":true,\"message\":\"Please enter Subject\",\"global_message\":\"\\u8fd9\\u662f\\u5fc5\\u586b\\u680f\",\"global\":false}},\"description\":{\"required\":{\"value\":true,\"message\":\"Please enter infomation\",\"global_message\":\"\\u8fd9\\u662f\\u5fc5\\u586b\\u680f\",\"global\":false}}},\"debounce_time\":300};\n                            <\/script>\n            <\/div>\n<\/p><\/div>\n<\/p><\/div>","protected":false},"excerpt":{"rendered":"<p>Address RoomA06, 5A\/F, Building 1, Meicheng Industrial Park, No.4 Xinhe Street, Bantian Street, Longgang District, Shenzhen City, Guangdong Province,China Call Us Tel: +86 13066981085 Tel: +86&nbsp;17158633203 Email Us superpdrb2b03@superpdr.com dentgoservice001@superpdr.com Get in Touch Write Your Message<\/p>","protected":false},"author":1,"featured_media":0,"parent":0,"menu_order":6,"comment_status":"closed","ping_status":"closed","template":"","meta":{"footnotes":""},"class_list":["post-10","page","type-page","status-publish","hentry"],"acf":[],"_links":{"self":[{"href":"https:\/\/superpdr.com\/tr\/wp-json\/wp\/v2\/pages\/10","targetHints":{"allow":["GET"]}}],"collection":[{"href":"https:\/\/superpdr.com\/tr\/wp-json\/wp\/v2\/pages"}],"about":[{"href":"https:\/\/superpdr.com\/tr\/wp-json\/wp\/v2\/types\/page"}],"author":[{"embeddable":true,"href":"https:\/\/superpdr.com\/tr\/wp-json\/wp\/v2\/users\/1"}],"replies":[{"embeddable":true,"href":"https:\/\/superpdr.com\/tr\/wp-json\/wp\/v2\/comments?post=10"}],"version-history":[{"count":5,"href":"https:\/\/superpdr.com\/tr\/wp-json\/wp\/v2\/pages\/10\/revisions"}],"predecessor-version":[{"id":139,"href":"https:\/\/superpdr.com\/tr\/wp-json\/wp\/v2\/pages\/10\/revisions\/139"}],"wp:attachment":[{"href":"https:\/\/superpdr.com\/tr\/wp-json\/wp\/v2\/media?parent=10"}],"curies":[{"name":"wp","href":"https:\/\/api.w.org\/{rel}","templated":true}]}}